{"id":55,"date":"2025-09-02T05:52:58","date_gmt":"2025-09-02T05:52:58","guid":{"rendered":"https:\/\/hno-datteln.de\/?page_id=55"},"modified":"2025-10-31T06:47:30","modified_gmt":"2025-10-31T06:47:30","slug":"terminanfrage","status":"publish","type":"page","link":"https:\/\/hno-datteln.de\/?page_id=55","title":{"rendered":"Kontaktformular"},"content":{"rendered":"\n<div style=\"height:100px\" aria-hidden=\"true\" class=\"wp-block-spacer\"><\/div>\n\n\n<style id=\"wpforms-css-vars-244-block-5497b8a2-2c70-4afb-b9fd-a712be5788b5\">\n\t\t\t\t#wpforms-244.wpforms-block-5497b8a2-2c70-4afb-b9fd-a712be5788b5 {\n\t\t\t\t--wpforms-field-size-input-height: 43px;\n--wpforms-field-size-input-spacing: 15px;\n--wpforms-field-size-font-size: 16px;\n--wpforms-field-size-line-height: 19px;\n--wpforms-field-size-padding-h: 14px;\n--wpforms-field-size-checkbox-size: 16px;\n--wpforms-field-size-sublabel-spacing: 5px;\n--wpforms-field-size-icon-size: 1;\n--wpforms-label-size-font-size: 16px;\n--wpforms-label-size-line-height: 19px;\n--wpforms-label-size-sublabel-font-size: 14px;\n--wpforms-label-size-sublabel-line-height: 17px;\n--wpforms-button-size-font-size: 17px;\n--wpforms-button-size-height: 41px;\n--wpforms-button-size-padding-h: 15px;\n--wpforms-button-size-margin-top: 10px;\n--wpforms-container-shadow-size-box-shadow: none;\n\t\t\t}\n\t\t\t<\/style><div class=\"wpforms-container wpforms-container-full wpforms-block wpforms-block-5497b8a2-2c70-4afb-b9fd-a712be5788b5 wpforms-render-modern\" id=\"wpforms-244\"><form id=\"wpforms-form-244\" class=\"wpforms-validate wpforms-form wpforms-ajax-form\" data-formid=\"244\" method=\"post\" enctype=\"multipart\/form-data\" action=\"\/index.php?rest_route=%2Fwp%2Fv2%2Fpages%2F55&#038;wpforms_form_id=244\" data-token=\"05f3b13535459b96d982bb6f387f454f\" data-token-time=\"1775511360\"><noscript class=\"wpforms-error-noscript\">Bitte aktivieren Sie JavaScript in Ihrem Browser, um dieses Formular fertigzustellen.<\/noscript><div id=\"wpforms-error-noscript\" style=\"display: none;\">Bitte aktivieren Sie JavaScript in Ihrem Browser, um dieses Formular fertigzustellen.<\/div><div class=\"wpforms-field-container\"><div id=\"wpforms-244-field_1-container\" class=\"wpforms-field wpforms-field-name\" data-field-id=\"1\"><fieldset><legend class=\"wpforms-field-label\">Name <span class=\"wpforms-required-label\" aria-hidden=\"true\">*<\/span><\/legend><div class=\"wpforms-field-row wpforms-field-medium\"><div class=\"wpforms-field-row-block wpforms-first wpforms-one-half\"><input type=\"text\" id=\"wpforms-244-field_1\" class=\"wpforms-field-name-first wpforms-field-required\" name=\"wpforms[fields][1][first]\" aria-errormessage=\"wpforms-244-field_1-error\" required><label for=\"wpforms-244-field_1\" class=\"wpforms-field-sublabel after\">Vorname<\/label><\/div><div class=\"wpforms-field-row-block wpforms-one-half\"><input type=\"text\" id=\"wpforms-244-field_1-last\" class=\"wpforms-field-name-last wpforms-field-required\" name=\"wpforms[fields][1][last]\" aria-errormessage=\"wpforms-244-field_1-last-error\" required><label for=\"wpforms-244-field_1-last\" class=\"wpforms-field-sublabel after\">Nachname<\/label><\/div><\/div><\/fieldset><\/div><div id=\"wpforms-244-field_2-container\" class=\"wpforms-field wpforms-field-text\" data-field-id=\"2\"><label class=\"wpforms-field-label\" for=\"wpforms-244-field_2\">Geburtsdatum <span class=\"wpforms-required-label\" aria-hidden=\"true\">*<\/span><\/label><input type=\"text\" id=\"wpforms-244-field_2\" class=\"wpforms-field-medium wpforms-field-required\" name=\"wpforms[fields][2]\" aria-errormessage=\"wpforms-244-field_2-error\" aria-describedby=\"wpforms-244-field_2-description\" required><div id=\"wpforms-244-field_2-description\" class=\"wpforms-field-description\">TT.MM.JJJJ<\/div><\/div><div id=\"wpforms-244-field_3-container\" class=\"wpforms-field wpforms-field-text\" data-field-id=\"3\"><label class=\"wpforms-field-label\" for=\"wpforms-244-field_3\">Email Adresse <span class=\"wpforms-required-label\" aria-hidden=\"true\">*<\/span><\/label><input type=\"text\" id=\"wpforms-244-field_3\" class=\"wpforms-field-medium wpforms-field-required\" name=\"wpforms[fields][3]\" aria-errormessage=\"wpforms-244-field_3-error\" required><\/div><div id=\"wpforms-244-field_4-container\" class=\"wpforms-field wpforms-field-text\" data-field-id=\"4\"><label class=\"wpforms-field-label\" for=\"wpforms-244-field_4\">Telefonnummer <span class=\"wpforms-required-label\" aria-hidden=\"true\">*<\/span><\/label><input type=\"text\" id=\"wpforms-244-field_4\" class=\"wpforms-field-medium wpforms-field-required\" name=\"wpforms[fields][4]\" aria-errormessage=\"wpforms-244-field_4-error\" aria-describedby=\"wpforms-244-field_4-description\" required><div id=\"wpforms-244-field_4-description\" class=\"wpforms-field-description\">..unter der wir Sie f\u00fcr R\u00fcckfragen erreichen k\u00f6nnen<\/div><\/div><div id=\"wpforms-244-field_11-container\" class=\"wpforms-field wpforms-field-select wpforms-field-select-style-classic\" data-field-id=\"11\"><label class=\"wpforms-field-label\" for=\"wpforms-244-field_11\">Krankenkasse <span class=\"wpforms-required-label\" aria-hidden=\"true\">*<\/span><\/label><select id=\"wpforms-244-field_11\" class=\"wpforms-field-medium wpforms-field-required\" name=\"wpforms[fields][11]\" required=\"required\"><option value=\"\" class=\"placeholder\" disabled  selected='selected'>&#8212; Auswahl treffen &#8212;<\/option><option value=\"gesetzlich\"  class=\"choice-1 depth-1\"  >gesetzlich<\/option><option value=\"privat\"  class=\"choice-2 depth-1\"  >privat<\/option><\/select><\/div><div id=\"wpforms-244-field_12-container\" class=\"wpforms-field wpforms-field-select wpforms-conditional-trigger wpforms-field-select-style-classic\" data-field-id=\"12\"><label class=\"wpforms-field-label\" for=\"wpforms-244-field_12\">Grund der Kontaktanfrage <span class=\"wpforms-required-label\" aria-hidden=\"true\">*<\/span><\/label><select id=\"wpforms-244-field_12\" class=\"wpforms-field-medium wpforms-field-required\" name=\"wpforms[fields][12]\" required=\"required\"><option value=\"\" class=\"placeholder\" disabled >&#8212; Auswahl treffen &#8212;<\/option><option value=\"Terminanfrage\"  class=\"choice-1 depth-1\"  >Terminanfrage<\/option><option value=\"Rezeptbestellung\"  class=\"choice-2 depth-1\"  >Rezeptbestellung<\/option><option value=\"Terminabsage\"  class=\"choice-3 depth-1\"  >Terminabsage<\/option><option value=\"sonstiges\"  selected='selected' class=\"choice-4 depth-1\"  >sonstiges<\/option><\/select><div id=\"wpforms-244-field_12-description\" class=\"wpforms-field-description\">Bitte ausw\u00e4hlen<\/div><\/div><div id=\"wpforms-244-field_5-container\" class=\"wpforms-field wpforms-field-textarea wpforms-conditional-field wpforms-conditional-show\" data-field-id=\"5\" style=\"display:none;\"><label class=\"wpforms-field-label\" for=\"wpforms-244-field_5\">Grund f\u00fcr den Arzttermin <span class=\"wpforms-required-label\" aria-hidden=\"true\">*<\/span><\/label><textarea id=\"wpforms-244-field_5\" class=\"wpforms-field-medium wpforms-field-required\" name=\"wpforms[fields][5]\" aria-errormessage=\"wpforms-244-field_5-error\" required><\/textarea><\/div><div id=\"wpforms-244-field_6-container\" class=\"wpforms-field wpforms-field-radio wpforms-conditional-field wpforms-conditional-show\" data-field-id=\"6\" style=\"display:none;\"><fieldset><legend class=\"wpforms-field-label\">Wegen der Beschwerden erfolgte bereits eine Behandlung&#8230; <span class=\"wpforms-required-label\" aria-hidden=\"true\">*<\/span><\/legend><ul id=\"wpforms-244-field_6\" class=\"wpforms-field-required\"><li class=\"choice-1 depth-1\"><input type=\"radio\" id=\"wpforms-244-field_6_1\" name=\"wpforms[fields][6]\" value=\"Nein\" aria-errormessage=\"wpforms-244-field_6_1-error\" required ><label class=\"wpforms-field-label-inline\" for=\"wpforms-244-field_6_1\">Nein<\/label><\/li><li class=\"choice-2 depth-1\"><input type=\"radio\" id=\"wpforms-244-field_6_2\" name=\"wpforms[fields][6]\" value=\"Beim Hausarzt\" aria-errormessage=\"wpforms-244-field_6_2-error\" required ><label class=\"wpforms-field-label-inline\" for=\"wpforms-244-field_6_2\">Beim Hausarzt<\/label><\/li><li class=\"choice-3 depth-1\"><input type=\"radio\" id=\"wpforms-244-field_6_3\" name=\"wpforms[fields][6]\" value=\"Bei einem anderen Arzt\" aria-errormessage=\"wpforms-244-field_6_3-error\" required ><label class=\"wpforms-field-label-inline\" for=\"wpforms-244-field_6_3\">Bei einem anderen Arzt<\/label><\/li><\/ul><\/fieldset><\/div><div id=\"wpforms-244-field_7-container\" class=\"wpforms-field wpforms-field-select wpforms-conditional-field wpforms-conditional-show wpforms-conditional-trigger wpforms-field-select-style-classic\" data-field-id=\"7\" style=\"display:none;\"><label class=\"wpforms-field-label\" for=\"wpforms-244-field_7\">\u00dcberweisung <span class=\"wpforms-required-label\" aria-hidden=\"true\">*<\/span><\/label><select id=\"wpforms-244-field_7\" class=\"wpforms-field-medium wpforms-field-required\" name=\"wpforms[fields][7]\" required=\"required\"><option value=\"\" class=\"placeholder\" disabled  selected='selected'>&#8212; Auswahl treffen &#8212;<\/option><option value=\"liegt vor\"  class=\"choice-1 depth-1\"  >liegt vor<\/option><option value=\"liegt nicht vor\"  class=\"choice-2 depth-1\"  >liegt nicht vor<\/option><\/select><div id=\"wpforms-244-field_7-description\" class=\"wpforms-field-description\">Haben Sie eine \u00dcberweisung zum HNO-Arzt bekommen?<\/div><\/div><div id=\"wpforms-244-field_8-container\" class=\"wpforms-field wpforms-field-select wpforms-conditional-field wpforms-conditional-show wpforms-field-select-style-classic\" data-field-id=\"8\" style=\"display:none;\"><label class=\"wpforms-field-label\" for=\"wpforms-244-field_8\">\u00dcberweisung <span class=\"wpforms-required-label\" aria-hidden=\"true\">*<\/span><\/label><select id=\"wpforms-244-field_8\" class=\"wpforms-field-medium wpforms-field-required\" name=\"wpforms[fields][8]\" required=\"required\"><option value=\"\" class=\"placeholder\" disabled  selected='selected'>&#8212; Auswahl treffen &#8212;<\/option><option value=\"Ohne Dringlichkeitsvermerk\"  class=\"choice-1 depth-1\"  >Ohne Dringlichkeitsvermerk<\/option><option value=\"Mit Dringlichkeitsvermerk\"  class=\"choice-2 depth-1\"  >Mit Dringlichkeitsvermerk<\/option><option value=\"Hausarztvermittlungsfall\"  class=\"choice-3 depth-1\"  >Hausarztvermittlungsfall<\/option><\/select><\/div><div id=\"wpforms-244-field_9-container\" class=\"wpforms-field wpforms-field-file-upload wpforms-conditional-field wpforms-conditional-show\" data-field-id=\"9\" style=\"display:none;\"><label class=\"wpforms-field-label\" for=\"wpforms-244-field_9\">\u00dcberweisung hochladen\/anh\u00e4ngen\/fotografieren<\/label><div\n\t\tclass=\"wpforms-uploader \"\n\t\tdata-field-id=\"9\"\n\t\tdata-form-id=\"244\"\n\t\tdata-input-name=\"wpforms_244_9\"\n\t\tdata-extensions=\"jpg,jpeg,pdf,gif,png\"\n\t\tdata-max-size=\"4194304\"\n\t\tdata-max-file-number=\"1\"\n\t\tdata-post-max-size=\"2146435072\"\n\t\tdata-max-parallel-uploads=\"4\"\n\t\tdata-parallel-uploads=\"true\"\n\t\tdata-file-chunk-size=\"2097152\">\n\t<div class=\"dz-message\">\n\t\t<svg  viewBox=\"0 0 640 640\" focusable=\"false\" data-icon=\"inbox\" width=\"50px\" height=\"50px\" fill=\"currentColor\" aria-hidden=\"true\">\n\t\t\t<path d=\"M352 173.3L352 384C352 401.7 337.7 416 320 416C302.3 416 288 401.7 288 384L288 173.3L246.6 214.7C234.1 227.2 213.8 227.2 201.3 214.7C188.8 202.2 188.8 181.9 201.3 169.4L297.3 73.4C309.8 60.9 330.1 60.9 342.6 73.4L438.6 169.4C451.1 181.9 451.1 202.2 438.6 214.7C426.1 227.2 405.8 227.2 393.3 214.7L352 173.3zM320 464C364.2 464 400 428.2 400 384L480 384C515.3 384 544 412.7 544 448L544 480C544 515.3 515.3 544 480 544L160 544C124.7 544 96 515.3 96 480L96 448C96 412.7 124.7 384 160 384L240 384C240 428.2 275.8 464 320 464zM464 488C477.3 488 488 477.3 488 464C488 450.7 477.3 440 464 440C450.7 440 440 450.7 440 464C440 477.3 450.7 488 464 488z\"\/>\n\t\t<\/svg>\n\n\t\t<span class=\"modern-title\">\n\t\t\t\t\t\t\tDrag &amp; Drop Files, \t\t\t\t<span>Choose Files to Upload<\/span>\n\t\t\t\t\t<\/span>\n\n\t\t\t<\/div>\n<\/div>\n\n<input\n\t\ttype=\"text\"\n\t\tautocomplete=\"off\"\n\t\treadonly\n\t\tclass=\"dropzone-input\"\n\t\tstyle=\"position:absolute!important;clip:rect(0,0,0,0)!important;height:1px!important;width:1px!important;border:0!important;overflow:hidden!important;padding:0!important;margin:0!important;\"\n\t\tid=\"wpforms-244-field_9\"\n\t\tname=\"wpforms_244_9\" \t\tvalue=\"\">\n<div id=\"wpforms-244-field_9-description\" class=\"wpforms-field-description\">Hier k\u00f6nnen Sie Ihre \u00dcberweisung anh\u00e4ngen. Bitte Fotoaufl\u00f6sung gering halten<\/div><\/div><div id=\"wpforms-244-field_10-container\" class=\"wpforms-field wpforms-field-select wpforms-conditional-field wpforms-conditional-show wpforms-field-select-style-classic\" data-field-id=\"10\" style=\"display:none;\"><label class=\"wpforms-field-label\" for=\"wpforms-244-field_10\">Praxisauswahl <span class=\"wpforms-required-label\" aria-hidden=\"true\">*<\/span><\/label><select id=\"wpforms-244-field_10\" class=\"wpforms-field-medium wpforms-field-required\" name=\"wpforms[fields][10]\" required=\"required\"><option value=\"\" class=\"placeholder\" disabled  selected='selected'>&#8212; Auswahl treffen &#8212;<\/option><option value=\"Waltrop\"  class=\"choice-1 depth-1\"  >Waltrop<\/option><option value=\"Datteln\"  class=\"choice-2 depth-1\"  >Datteln<\/option><option value=\"egal\"  class=\"choice-4 depth-1\"  >egal<\/option><\/select><div id=\"wpforms-244-field_10-description\" class=\"wpforms-field-description\">Bitte w\u00e4hlen Sie in welcher Praxis Sie gerne vorstellig werden m\u00f6chten<\/div><\/div>\t\t<div id=\"wpforms-244-field_16-container\"\n\t\t\tclass=\"wpforms-field wpforms-field-text\"\n\t\t\tdata-field-type=\"text\"\n\t\t\tdata-field-id=\"16\"\n\t\t\t>\n\t\t\t<label class=\"wpforms-field-label\" for=\"wpforms-244-field_16\" >Telefonnummer Termin \u00dcberweisung<\/label>\n\t\t\t<input type=\"text\" id=\"wpforms-244-field_16\" class=\"wpforms-field-medium\" name=\"wpforms[fields][16]\" >\n\t\t<\/div>\n\t\t<div id=\"wpforms-244-field_13-container\" class=\"wpforms-field wpforms-field-text wpforms-conditional-field wpforms-conditional-show\" data-field-id=\"13\" style=\"display:none;\"><label class=\"wpforms-field-label\" for=\"wpforms-244-field_13\">Rezeptbestellung <span class=\"wpforms-required-label\" aria-hidden=\"true\">*<\/span><\/label><input type=\"text\" id=\"wpforms-244-field_13\" class=\"wpforms-field-medium wpforms-field-required\" name=\"wpforms[fields][13]\" placeholder=\"Bitte Medikamentenname und Menge angeben \" aria-errormessage=\"wpforms-244-field_13-error\" aria-describedby=\"wpforms-244-field_13-description\" required><div id=\"wpforms-244-field_13-description\" class=\"wpforms-field-description\">Bitte hier Medikament, Menge und Liefermodus angeben<\/div><\/div><div id=\"wpforms-244-field_14-container\" class=\"wpforms-field wpforms-field-select wpforms-conditional-field wpforms-conditional-show wpforms-field-select-style-classic\" data-field-id=\"14\" style=\"display:none;\"><label class=\"wpforms-field-label\" for=\"wpforms-244-field_14\">Rezeptform <span class=\"wpforms-required-label\" aria-hidden=\"true\">*<\/span><\/label><select id=\"wpforms-244-field_14\" class=\"wpforms-field-medium wpforms-field-required\" name=\"wpforms[fields][14]\" required=\"required\"><option value=\"e-Rezept\"  selected='selected' class=\"choice-1 depth-1\"  >e-Rezept<\/option><option value=\"Papierrezept (Abholung Waltrop)\"  class=\"choice-2 depth-1\"  >Papierrezept (Abholung Waltrop)<\/option><option value=\"Papierrezept (Abholung Datteln)\"  class=\"choice-3 depth-1\"  >Papierrezept (Abholung Datteln)<\/option><\/select><div id=\"wpforms-244-field_14-description\" class=\"wpforms-field-description\">e-Rezept i.d.R. am Folgetag verf\u00fcgbar<\/div><\/div><div id=\"wpforms-244-field_15-container\" class=\"wpforms-field wpforms-field-textarea wpforms-conditional-field wpforms-conditional-show\" data-field-id=\"15\" style=\"display:none;\"><label class=\"wpforms-field-label\" for=\"wpforms-244-field_15\">Ihre Anfrage <span class=\"wpforms-required-label\" aria-hidden=\"true\">*<\/span><\/label><textarea id=\"wpforms-244-field_15\" class=\"wpforms-field-medium wpforms-field-required\" name=\"wpforms[fields][15]\" aria-errormessage=\"wpforms-244-field_15-error\" required><\/textarea><\/div><div id=\"wpforms-244-field_17-container\" class=\"wpforms-field wpforms-field-date-time wpforms-conditional-field wpforms-conditional-show\" data-field-id=\"17\" style=\"display:none;\"><fieldset><legend class=\"wpforms-field-label\">welchen Termin m\u00f6chten Sie absagen <span class=\"wpforms-required-label\" aria-hidden=\"true\">*<\/span><\/legend><div class=\"wpforms-field-row wpforms-field-medium\"><div class=\"wpforms-field-row-block wpforms-date-type-datepicker\"><div class=\"wpforms-datepicker-wrap\"><input type=\"text\" id=\"wpforms-244-field_17\" class=\"wpforms-field-date-time-date wpforms-datepicker wpforms-field-required\" data-date-format=\"m\/d\/Y\" data-disable-past-dates=\"0\" data-input=\"true\" name=\"wpforms[fields][17][date]\" aria-errormessage=\"wpforms-244-field_17-error\" required><a title=\"Clear Date\" data-clear role=\"button\" tabindex=\"0\" class=\"wpforms-datepicker-clear\" aria-label=\"Clear Date\" style=\"display:none;\"><\/a><\/div><label for=\"wpforms-244-field_17\" class=\"wpforms-field-sublabel after\">Date<\/label><\/div><div class=\"wpforms-field-row-block\"><input type=\"text\" id=\"wpforms-244-field_17-time\" class=\"wpforms-field-date-time-time wpforms-timepicker wpforms-field-required\" data-time-format=\"g:i A\" data-step=\"30\" data-rule-time12h=\"true\" name=\"wpforms[fields][17][time]\" aria-errormessage=\"wpforms-244-field_17-time-error\" required><label for=\"wpforms-244-field_17-time\" class=\"wpforms-field-sublabel after\">Time<\/label><\/div><\/div><\/fieldset><\/div><script>\n\t\t\t\t( function() {\n\t\t\t\t\tconst style = document.createElement( 'style' );\n\t\t\t\t\tstyle.appendChild( document.createTextNode( '#wpforms-244-field_16-container { position: absolute !important; overflow: hidden !important; display: inline !important; height: 1px !important; width: 1px !important; z-index: -1000 !important; padding: 0 !important; } #wpforms-244-field_16-container input { visibility: hidden; } #wpforms-conversational-form-page #wpforms-244-field_16-container label { counter-increment: none; }' ) );\n\t\t\t\t\tdocument.head.appendChild( style );\n\t\t\t\t\tdocument.currentScript?.remove();\n\t\t\t\t} )();\n\t\t\t<\/script><\/div><!-- .wpforms-field-container --><div class=\"wpforms-submit-container\" ><input type=\"hidden\" name=\"wpforms[id]\" value=\"244\"><input type=\"hidden\" name=\"page_title\" value=\"\"><input type=\"hidden\" name=\"page_url\" value=\"https:\/\/hno-datteln.de\/index.php?rest_route=\/wp\/v2\/pages\/55\"><input type=\"hidden\" name=\"url_referer\" value=\"\"><button type=\"submit\" name=\"wpforms[submit]\" id=\"wpforms-submit-244\" class=\"wpforms-submit\" data-alt-text=\"Senden\u2026\" data-submit-text=\"Absenden\" aria-live=\"assertive\" value=\"wpforms-submit\">Absenden<\/button><img loading=\"lazy\" decoding=\"async\" src=\"https:\/\/hno-datteln.de\/wp-content\/plugins\/wpforms\/assets\/images\/submit-spin.svg\" class=\"wpforms-submit-spinner\" style=\"display: none;\" width=\"26\" height=\"26\" alt=\"Wird geladen\"><\/div><\/form><\/div>  <!-- .wpforms-container -->\n\n\n<div style=\"height:100px\" aria-hidden=\"true\" class=\"wp-block-spacer\"><\/div>\n","protected":false},"excerpt":{"rendered":"","protected":false},"author":1,"featured_media":0,"parent":0,"menu_order":0,"comment_status":"closed","ping_status":"closed","template":"","meta":{"footnotes":""},"class_list":["post-55","page","type-page","status-publish","hentry"],"jetpack_sharing_enabled":true,"_links":{"self":[{"href":"https:\/\/hno-datteln.de\/index.php?rest_route=\/wp\/v2\/pages\/55","targetHints":{"allow":["GET"]}}],"collection":[{"href":"https:\/\/hno-datteln.de\/index.php?rest_route=\/wp\/v2\/pages"}],"about":[{"href":"https:\/\/hno-datteln.de\/index.php?rest_route=\/wp\/v2\/types\/page"}],"author":[{"embeddable":true,"href":"https:\/\/hno-datteln.de\/index.php?rest_route=\/wp\/v2\/users\/1"}],"replies":[{"embeddable":true,"href":"https:\/\/hno-datteln.de\/index.php?rest_route=%2Fwp%2Fv2%2Fcomments&post=55"}],"version-history":[{"count":5,"href":"https:\/\/hno-datteln.de\/index.php?rest_route=\/wp\/v2\/pages\/55\/revisions"}],"predecessor-version":[{"id":252,"href":"https:\/\/hno-datteln.de\/index.php?rest_route=\/wp\/v2\/pages\/55\/revisions\/252"}],"wp:attachment":[{"href":"https:\/\/hno-datteln.de\/index.php?rest_route=%2Fwp%2Fv2%2Fmedia&parent=55"}],"curies":[{"name":"wp","href":"https:\/\/api.w.org\/{rel}","templated":true}]}}